{"id":47,"date":"2019-03-01T13:06:57","date_gmt":"2019-03-01T13:06:57","guid":{"rendered":"http:\/\/waldfestverein.de\/?page_id=47"},"modified":"2025-06-09T20:05:59","modified_gmt":"2025-06-09T20:05:59","slug":"ueber-uns","status":"publish","type":"page","link":"https:\/\/waldfestverein.de\/?page_id=47","title":{"rendered":"\u00dcber uns"},"content":{"rendered":"\n<p>Der&nbsp;Pfiffelbacher Waldfestverein e.V. wurde 1991 zur F\u00f6rderung des geselligen und kulturellen Lebens in Pfiffelbach gegr\u00fcndet. Im Veranstaltungsjahr 2021 konnten wir somit auf ein erfolgreiches 30-j\u00e4hriges Vereinsbestehen zur\u00fcckblicken. Unser Erfolg resultiert vor allem aus dem ehrenamtlichen Engagement unserer Mitglieder. Die j\u00e4hrliche Veranstaltung und Ausrichtung des Waldfestes zu Pfingsten sowie die Organisation des Kirchweihfestes im Juli z\u00e4hlen zu den H\u00f6hepunkten unserer Vereinst\u00e4tigkeit. Zu Beginn jedes Veranstaltungsjahres wird der Festplatz vorbereitet.&nbsp;<\/p>\n\n\n\n<figure class=\"wp-block-image size-large\"><img loading=\"lazy\" decoding=\"async\" width=\"1024\" height=\"797\" src=\"https:\/\/waldfestverein.de\/wp-content\/uploads\/2025\/06\/20250608_203305-2-1024x797.jpg\" alt=\"\" class=\"wp-image-4267\" srcset=\"https:\/\/waldfestverein.de\/wp-content\/uploads\/2025\/06\/20250608_203305-2-1024x797.jpg 1024w, https:\/\/waldfestverein.de\/wp-content\/uploads\/2025\/06\/20250608_203305-2-300x234.jpg 300w, https:\/\/waldfestverein.de\/wp-content\/uploads\/2025\/06\/20250608_203305-2-768x598.jpg 768w, https:\/\/waldfestverein.de\/wp-content\/uploads\/2025\/06\/20250608_203305-2-1536x1196.jpg 1536w, https:\/\/waldfestverein.de\/wp-content\/uploads\/2025\/06\/20250608_203305-2-2048x1594.jpg 2048w\" sizes=\"auto, (max-width: 706px) 89vw, (max-width: 767px) 82vw, 740px\" \/><\/figure>\n\n\n\n<p>Die Urspr\u00fcnge des Waldfestvereins lassen sich auf die 1836 gegr\u00fcndete Burschengesellschaft zur\u00fcckf\u00fchren. Die Burschengesellschaft diente vorrangig der Geselligkeit im Orte. Anf\u00e4nglich fand das Waldfest zu Pfingsten auf der sogenannten \u201cBlinden Wiese\u201d mitten im gro\u00dfen Holz von Pfiffelbach statt. Eine&nbsp;Legende aus dieser Zeit sorgt noch heute f\u00fcr Belustigung bei den Dorfbewohnern. 1891 dachte man in der Pfiffelbacher Gemeindevertretung erstmals dar\u00fcber nach, den alten Festplatz gegen eine Fl\u00e4che am Waldrand mit Blick auf das Dorf einzutauschen.<\/p>\n\n\n\n<p>1892 fand letztmalig eine Veranstaltung auf dem alten Festplatz statt. Der neue Festplatz, der gleichzeitig der heutige ist, wurde im Jahre 1902 feierlich eingeweiht. Die Kirmes wurde bis 1964 noch im Ortskern auf dem Kastanienplatz gefeiert. Aus Verkehrssicherheitsgr\u00fcnden wurde von diesem Zeitpunkt an die Kirmes ebenfalls im Wald abgehalten.<\/p>\n\n\n\n<figure class=\"wp-block-image\"><img loading=\"lazy\" decoding=\"async\" width=\"1024\" height=\"606\" src=\"https:\/\/waldfestverein.de\/wp-content\/uploads\/2019\/06\/IMG_4004-Pano-1024x606.jpg\" alt=\"\" class=\"wp-image-1458\" srcset=\"https:\/\/waldfestverein.de\/wp-content\/uploads\/2019\/06\/IMG_4004-Pano-1024x606.jpg 1024w, https:\/\/waldfestverein.de\/wp-content\/uploads\/2019\/06\/IMG_4004-Pano-300x178.jpg 300w, https:\/\/waldfestverein.de\/wp-content\/uploads\/2019\/06\/IMG_4004-Pano-768x454.jpg 768w, https:\/\/waldfestverein.de\/wp-content\/uploads\/2019\/06\/IMG_4004-Pano.jpg 1800w\" sizes=\"auto, (max-width: 706px) 89vw, (max-width: 767px) 82vw, 740px\" \/><figcaption class=\"wp-element-caption\">Fotos:\n\nTom Wenig\n\nClubventure.de\n\nhttp:\/\/www.tomwenig.de<\/figcaption><\/figure>\n\n\n\n<p>Weitere historische Daten k\u00f6nnen in unserer&nbsp;<a href=\"http:\/\/waldfestverein.de\/?page_id=17\">Vereinschronik<\/a> angesehen werden.<\/p>\n","protected":false},"excerpt":{"rendered":"<p>Der&nbsp;Pfiffelbacher Waldfestverein e.V. wurde 1991 zur F\u00f6rderung des geselligen und kulturellen Lebens in Pfiffelbach gegr\u00fcndet. Im Veranstaltungsjahr 2021 konnten wir somit auf ein erfolgreiches 30-j\u00e4hriges Vereinsbestehen zur\u00fcckblicken. Unser Erfolg resultiert vor allem aus dem ehrenamtlichen Engagement unserer Mitglieder. Die j\u00e4hrliche Veranstaltung und Ausrichtung des Waldfestes zu Pfingsten sowie die Organisation des Kirchweihfestes im Juli z\u00e4hlen &hellip; <\/p>\n<p class=\"link-more\"><a href=\"https:\/\/waldfestverein.de\/?page_id=47\" class=\"more-link\"><span class=\"screen-reader-text\">\u201e\u00dcber uns\u201c<\/span> weiterlesen<\/a><\/p>\n","protected":false},"author":1,"featured_media":0,"parent":0,"menu_order":0,"comment_status":"closed","ping_status":"closed","template":"","meta":{"footnotes":""},"class_list":["post-47","page","type-page","status-publish","hentry"],"_links":{"self":[{"href":"https:\/\/waldfestverein.de\/index.php?rest_route=\/wp\/v2\/pages\/47","targetHints":{"allow":["GET"]}}],"collection":[{"href":"https:\/\/waldfestverein.de\/index.php?rest_route=\/wp\/v2\/pages"}],"about":[{"href":"https:\/\/waldfestverein.de\/index.php?rest_route=\/wp\/v2\/types\/page"}],"author":[{"embeddable":true,"href":"https:\/\/waldfestverein.de\/index.php?rest_route=\/wp\/v2\/users\/1"}],"replies":[{"embeddable":true,"href":"https:\/\/waldfestverein.de\/index.php?rest_route=%2Fwp%2Fv2%2Fcomments&post=47"}],"version-history":[{"count":12,"href":"https:\/\/waldfestverein.de\/index.php?rest_route=\/wp\/v2\/pages\/47\/revisions"}],"predecessor-version":[{"id":4269,"href":"https:\/\/waldfestverein.de\/index.php?rest_route=\/wp\/v2\/pages\/47\/revisions\/4269"}],"wp:attachment":[{"href":"https:\/\/waldfestverein.de\/index.php?rest_route=%2Fwp%2Fv2%2Fmedia&parent=47"}],"curies":[{"name":"wp","href":"https:\/\/api.w.org\/{rel}","templated":true}]}}