{"id":17,"date":"2019-03-01T12:02:53","date_gmt":"2019-03-01T12:02:53","guid":{"rendered":"http:\/\/waldfestverein.de\/?page_id=17"},"modified":"2026-02-08T15:21:58","modified_gmt":"2026-02-08T15:21:58","slug":"chronik","status":"publish","type":"page","link":"https:\/\/waldfestverein.de\/?page_id=17","title":{"rendered":"Chronik"},"content":{"rendered":"\n<p> <strong>1836<\/strong><br>Gr\u00fcndung der Burschengesellschaft Pfiffelbach<\/p>\n\n\n\n<p><strong>1886<\/strong><br>Waldfest zum 50-j\u00e4hrigem Jubil\u00e4um der Burschengesellschaft Pfiffelbach mit ca. 1000 G\u00e4sten<\/p>\n\n\n\n<p><strong>1889<\/strong><br>Fahnenweihe der Burschengesellschaft Pfiffelbach<\/p>\n\n\n\n<p><strong>1892<\/strong><br>Letzte Feier im Wald auf der Blinden Wiese &#8211; S\u00e4ngerfest des Bundes an Ilm und Ettersberg<\/p>\n\n\n\n<p><strong>1894<\/strong><br>Gemeinderatsbeschluss (B\u00fcrgermeister Schr\u00f6ter) \u00fcber den Tausch der Blinden Wiese mit der Burkhardtsecke nach Beschwerdebriefen von Dorfbewohnern<\/p>\n\n\n\n<p><strong>1897<\/strong><br>Kirchen- und Gemeindevorstand beschlie\u00dfen zusammen die Verlegung des Kirchweihfestes auf den zweiten Sonntag im Juli<\/p>\n\n\n\n<p><strong>1902<\/strong><br>Einweihung des neuen Festplatzes im Wald, Willkommensgru\u00df durch den Vorsitzenden der Burschengesellschaft Herr Schreiber<\/p>\n\n\n\n<p><strong>1911<\/strong><br>75-j\u00e4hriges Bestehensjubil\u00e4um der Burschengesellschaft unter gro\u00dfer Beteiligung ausw\u00e4rtiger Vereine (38 Vereine mit ca. 650 Burschen und M\u00e4dchen mit 11 Fahnen) imposanter Festumzug durch den Ort unter Beteiligung von drei Musikkapellen<\/p>\n\n\n\n<p><strong>1931<\/strong><br>95-j\u00e4hriges Jubil\u00e4um der Burschengesellschaft, begangen am zweiten Weihnachtsfeiertag mit Vertretern der Brudervereine der Nachbarorte und dem 1. Bundesvorsitzenden des Th\u00fcringer Burschenvereins, \u00dcberreichung der Urkunde der Ehrenmitgliedschaft der Burschengesellschaft Pfiffelbach im Th\u00fcringer Burschenbund &#8211; Gedenken der gefallenen Kameraden aus dem 1.Weltkrieg<\/p>\n\n\n\n<p><strong>1945<\/strong><br>Laut Befehl der SMA (Sowjetische Milit\u00e4radministration) werden alle Vereine abgeschafft<\/p>\n\n\n\n<p><strong>1946<\/strong><br>Erstmals nach dem 2.Weltkrieg wieder Kirmes auf dem Kastanienplatz im Dorf durch die Freiwillige Feuerwehr veranstaltet<\/p>\n\n\n\n<p><strong>1954<\/strong><br>Erstmals nach dem 2.Weltkrieg wieder Waldfest zu Pfingsten und Kinderfest am 01. Juni durch die Freiwillige Feuerwehr veranstaltet<\/p>\n\n\n\n<p><strong>1961<\/strong><br>Gr\u00fcndung eines Dorfclubs zur Koordinierung der politischen und kulturellen Arbeit mit Angeh\u00f6rigen von FDJ, BSG und aller Parteien und Massenorganisationen<\/p>\n\n\n\n<p><strong>1964<\/strong><br>Letzte Kirmesveranstaltung auf dem Kastanienplatz im Dorf, ab diesen Zeitpunkt werden alle Veranstaltungen im Wald ausgetragen<\/p>\n\n\n\n<p><strong>1971<\/strong><br>Ausstattung des Festplatzes mit einer festen, gefliesten Tanzfl\u00e4che, Setzen von Lichtmasten zur kontinuierlichen Stromversorgung<\/p>\n\n\n\n<p><strong>1982<\/strong><br>Verlegung einer Wasser- und Abwasserleitung zum Festplatz und Bau eines festen Ausschankh\u00e4uschens, sowie der Toilettenanlagen, alle Arbeiten erfolgen durch die Einwohner im Zuge des NAW<\/p>\n\n\n\n<p><strong>1991<\/strong><br>Gr\u00fcndung des Pfiffelbacher Waldfestverein e.V.<\/p>\n\n\n\n<p><strong>1996<\/strong><br>Fahnenweihe des Pfiffelbacher Waldfestvereins zu Pfingsten mit Gottesdienst und gro\u00dfem Festumzug<\/p>\n\n\n\n<p> <strong>2001<\/strong><br>10-j\u00e4hriges Bestehen des Waldfestvereins mit Festumzug unter Beteiligung verschiedener ausw\u00e4rtiger Vereine<\/p>\n\n\n\n<p> <strong>2003<\/strong><br>Zu Pfingsten wurde erstmalig die Pfiffelbacher Waldnixe, Susi aus Weimar, gek\u00fcrt<\/p>\n\n\n\n<p> <strong>2004<\/strong><br>In Vorbereitung auf die Saison wurde eine \u201cWaldklause\u201d errichtet. Dabei handelt es sich um eine \u00fcberdachte Holzkonstruktion als Unterstellm\u00f6glichkeit der G\u00e4ste w\u00e4hrend der Veranstaltungen. Die Planung f\u00fcr den Bau einer neuen B\u00fchne und die Umgestaltung der Tanzfl\u00e4che wurde abgeschlossen. Nach Saisonende im September wurde damit begonnen, das alte B\u00fchnenhaus komplett abzurei\u00dfen.<\/p>\n\n\n\n<p> <strong>2005<\/strong><br>Im M\u00e4rz wird die neue Waldb\u00fchne unter Mitwirkung des Gesangvereins 1838 Pfiffelbach e.V. im gro\u00dfen Rahmen eingeweiht. Neben vielen G\u00e4sten aus Pfiffelbach und den umliegenden Gemeinden nahmen auch der amtierende Landrat Herr Helmut M\u00fcnchberg, der ehemalige Gesch\u00e4ftsf\u00fchrer der Apoldaer Vereinsbrauerei, Herr G\u00fcnther Ramthor sowie der amtierende B\u00fcrgermeister der Gemeinde Pfiffelbach, Herr Klaus J\u00e4hnig teil. Der Pfiffelbacher Waldfestverein zeigte sich durch die Ausgabe freier Speisen und Getr\u00e4nke bei allen G\u00e4sten erkenntlich und freute sich \u00fcber das gro\u00dfe Interesse, dass ihm durch die vielen Teilnehmer entgegen gebracht wurde.<\/p>\n\n\n\n<p><strong>2006<\/strong><br>Am 15. Oktober werden unter Teilnahme von Frau Christine Lieberknecht und dem amtierenden Pfiffelbacher B\u00fcrgermeister Herrn Dr. Klaus J\u00e4hnig die mit Hilfe \u00f6ffentlicher Gelder modernisierten Toiletten in einer Feierstunde eingeweiht. Zu dieser Veranstaltung wurden s\u00e4mtliche an der Bauausf\u00fchrung beteiligten Handwerksbetriebe sowie s\u00e4mtliche in Pfiffelbach ans\u00e4ssigen Vereine eingeladen. Die Feierstunde wurde umrahmt vom Auftritt des Gesangsvereins 1838 Pfiffelbach e.V. sowie einer Auff\u00fchrung der \u201cVogelhochzeit\u201d durch Kinder der Kindertagesst\u00e4tte Pfiffelbach unter Leitung von Frau Renate Hildebrandt und Frau Uta H\u00fcttig.<\/p>\n\n\n\n<p><strong>2007<\/strong><br>Im Anschluss an die abgelaufene Saison beginnen die Vereinsmitglieder damit, den bereits bei der Planung der Waldb\u00fchne vorgesehenen Anbau zu realisieren. Auf die bereits vorhandene Bodenplatte konnte der Rohbau bis Jahresfrist fertiggestellt werden. Der Anbau soll vorrangig als Vereinshaus zum Durchf\u00fchren von Mitgliederversammlungen und Vorstandssitzungen sowie als \u201cBackstage\u201d-Bereich f\u00fcr auftretende K\u00fcnstler und Musikgruppen dienen.<\/p>\n\n\n\n<p><strong>2011<\/strong><br>Anl\u00e4\u00dflich der Jubil\u00e4en 20 Jahre Pfiffelbacher Waldfestverein e.V., 15 Jahre Fahnenweihe und 175 Jahre Burschengesellschaft Pfiffelbach, wird eine ganze Festwoche zum Waldfest veranstaltet. Ein Festumzug durch das Dorf mit Fanfarenzug und unter Beteiligung vieler befreundeter Vereine aus nah und fern leitet die Festwoche ein. Der Vereinsvorsitzende Falk Hildebrandt sowie der amtierende B\u00fcrgermeister Herr Dr. Klaus J\u00e4hnig begr\u00fc\u00dfen die G\u00e4ste jeweils mit einer Festrede auf das Herzlichste. Erstmals seit Bestehen des Waldfestvereines wird der Kampf der Vereine um den 1. Waldpokal ausgetragen. Mehrere Disziplinen, wie Baumstamm ziehen oder Baumstamm s\u00e4gen sind zu absolvieren. Als Sieger dieses Wettkampfes geht der Burschenverein Ulrichshalben hervor. Die Jubil\u00e4umswoche wird offiziell durch die amtierende Ministerpr\u00e4sidentin von Th\u00fcringen, Frau Christine Lieberknecht, im Rahmen einer Abendveranstaltung, bei der das Kabarett &#8222;Fettn\u00e4ppchen&#8220; auftritt, feierlich er\u00f6ffnet. Die Grundschule, der Kindergarten sowie die 7. Klasse der Regelschule Pfiffelbach werden in die Festwoche aktiv mit einbezogen. Besonders gew\u00fcrdigt und bewertet werden durch den Schirmherr und Bundestagsabgeordneten Johannes Selle die Projektarbeiten der Sch\u00fcler mehrerer Klassen. Als Belohnung werden alle Kinder, die daran teilgenommen haben, zum Besuch des Kindermedienzentrums nach Erfurt eingeladen. Eine Schatzsuche durch den Wald, eine ausf\u00fchrliche Erl\u00e4uterung des Waldmobils durch den Revierf\u00f6rster sowie mehrere k\u00fcnstlerische Darbietungen sorgen f\u00fcr einen gelungenen und abwechslungsreichen Tag f\u00fcr die Kinder und Jugendlichen. Alle Veranstaltungen der Festwoche werden sehr gut besucht und von den G\u00e4sten angenommen. Die Festwoche ist ein gro\u00dfer Erfolg f\u00fcr den Waldfestverein und f\u00fcr das Dorf insgesamt.<\/p>\n\n\n\n<p><strong>2012<\/strong><br>In Vorbereitung auf die Saison 2012 wurde vom Verein ein massives Ausschankhaus errichtet, welches zuk\u00fcnftig das Ausschankzelt abl\u00f6st. Hierbei handelt es sich um eine \u00fcberdachte Holzkonstruktion, welche sich in das Gesamtbild des gesamten Festplatzes perfekt einf\u00fcgt und somit das Ambiente weiter aufwertet.<\/p>\n\n\n\n<p><strong>2015<\/strong><br>In Vorbereitung auf die Saison wurde von den Vereinsmitgliedern 10 massive h\u00f6lzerne Sitzm\u00f6glichkeiten, davon 5 mit einer \u00dcberdachung gebaut. Ein neuer \u00fcberdachter h\u00f6lzerner Stammtisch wurde in den 10 Wochenenden ebenso rechtzeitig fertiggestellt.<\/p>\n\n\n\n<p><strong>2016<\/strong><br>Erstmals wurden auf dem Gel\u00e4nde zwei neue B\u00e4ume, eine Blutbuche und eine Roteiche gepflanzt, nachdem einige \u00e4ltere B\u00e4ume umgest\u00fcrzt waren, bzw. gef\u00e4llt werden mussten. Der Verein und die Gemeinde haben die Kosten von jeweils einem Baum \u00fcbernommen. Die Vereinsmitglieder haben die Pflanzungen vorgenommen und k\u00fcmmern sich fortan um die Pflege. In den Folgejahren sind weitere Baumf\u00e4llungen und Baumpflanzungen geplant, damit das Gel\u00e4nde auch in Zukunft sicher als dieses genutzt werden kann.<\/p>\n\n\n\n<p><strong>2020<\/strong><br>Aufgrund der weltweiten Corona-Pandemie und den damit verbundenen Einschr\u00e4nkungen mussten alle Veranstaltungen f\u00fcr das Jahr abgesagt werden.<\/p>\n\n\n\n<p><strong>2021<\/strong><br>Nachdem die Einschr\u00e4nkungen durch die Corona-Pandemie im Sommer reduziert wurden, konnte die Waldkirmes mit zwei Gro\u00dfveranstaltungen unter einigen Auflagen durchgef\u00fchrt werden. Dazu wurde f\u00fcr das Gesundheitsamt ein umfangreiches Hygienekonzept durch den Vorstand erstellt, und bei den Veranstaltungen erfolgreich umgesetzt. Eine der Auflagen, der Kartenvorverkauf durch eine Online-Verkaufsplattform wurde erstmals genutzt. Die beiden Veranstaltungen wurden sehr gut besucht, da nur wenige Veranstaltungen in der Umgebung durchgef\u00fchrt werden durften.<\/p>\n\n\n\n<p><strong>2022<\/strong><br>Alle Einschr\u00e4nkungen der Corona-Pandemie wurden aufgehoben, sodass Waldfest und Waldkirmes wieder normal veranstaltet&nbsp;werden&nbsp;konnten.<\/p>\n\n\n\n<p><strong>2023<\/strong><br>Durch Forstarbeiten und Baumbruch wurde der Gel\u00e4ndezaun stark besch\u00e4digt, sodass der Verein zu Beginn der Saison den Zaun Richtung Liebstedt komplett erneuern musste.<br>Am Ende des Jahres begann der Verein mit der Planung eines neuen Ausschankgeb\u00e4udes, als Mitte November ein Baum auf den Ger\u00e4teschuppen fiel und diesen unbrauchbar machte. Somit musste neben dem Ausschankgeb\u00e4ude zus\u00e4tzlich ein neuer Ger\u00e4teschuppen geplant werden.<\/p>\n\n\n\n<p><strong>2024<\/strong><br>Nachdem die Bauvorhaben, Waldsch\u00e4nke sowie Ger\u00e4teschuppen fertig geplant und alle Formalit\u00e4ten gekl\u00e4rt waren, konnten die Arbeiten Anfang M\u00e4rz beginnen. Zun\u00e4chst wurde der zerst\u00f6rte Ger\u00e4teschuppen nebst Pflasterfl\u00e4che zur\u00fcckgebaut und das neue Fundament f\u00fcr den Schuppen durch den Verein noch vor dem Waldfest im Mai fertiggestellt. Der Ger\u00e4teschuppen konnte schon kurz nach dem Waldfest durch die Firma Dietsch aufgebaut werden. In Folge dessen begann der Verein mit dem R\u00fcckbau des alten Kiosks, welcher am 05. Juli durch einen Bagger den Erdboden gleich gemacht wurde. Bis zur Waldkimes wurde durch die Mitglieder s\u00e4mtlicher Bauschutt ber\u00e4umt sowie das Streifenfundament f\u00fcr die neue Waldsch\u00e4nke erstellt.<br>Am letzten Tag der Waldkirmes, bei Vorbereitungen am Morgen wurde ein Stromausfall im gesamten Gel\u00e4nde und am Sportlerheim festgestellt. Nach Fehlersuche wurde eine defekte Hauptzuleitung vom Dorf zum Sportlerheim ausgemacht. Hier war offensichtlich eine Kabelmuffe nach einem Wasserrohrbruch im Mai\/ Juni komplett abgesoffen, sodass es zum Erdschluss kam.<br>Gl\u00fccklicherweise konnte der Verein unter immensen Aufwand eine ausreichende Notstromversorgung f\u00fcr die Abendveranstaltung organisieren, sodass die XXL-Mallorca-Party, trotz des extrem schlechten Wetters erfolgreich stattfinden konnte.<br>In den Folgewochen wurde weiter flei\u00dfig gearbeitet, sodass am 06.09. die Bodenplatte f\u00fcr die Waldsch\u00e4nke gegossen und die Holzkonstruktion bis Mitte Oktober fertig montiert werden konnte.<br>Organisiert durch den Ortschaftsb\u00fcrgermeister Uwe Grebe wurden in 2 Bauabschnitten, Ende September und Ende Oktober durch einige Mitglieder des Sportvereins, des Waldfestvereins, sowie fachkundiger Helfer, die Hauptzuleitungen (Strom, Wasser und Abwasser) vom Dorf \u00fcber das Sportlerheim zum Waldfestgel\u00e4nde neu verlegt.<\/p>\n\n\n\n<p><strong>2025<\/strong><br>Noch vor der Saison wurden alle Arbeiten (Innenausbau, Elektrik, Wasser, Pflaster) an der Waldsch\u00e4nke durch den Verein fertiggestellt, sodass ein neues Highlight auf dem Festplatz geschaffen wurde. Ebenfalls wurden drei neue Stammtische passend zur restlichen Optik aufgebaut. Am 28. Mai lud der Verein alle Helfer zur Einweihungsfeier ein.<br>Ende des Jahres wurde noch das Ausschankhaus durch eine Thekenerh\u00f6hung mit Rolll\u00e4den, abschlie\u00dfbar umgebaut, sowie durch den Verein zwei neue B\u00e4ume, eine ungarische Eiche und eine Silber-Linde gepflanzt.<\/p>\n\n\n\n<p><\/p>\n","protected":false},"excerpt":{"rendered":"<p>1836Gr\u00fcndung der Burschengesellschaft Pfiffelbach 1886Waldfest zum 50-j\u00e4hrigem Jubil\u00e4um der Burschengesellschaft Pfiffelbach mit ca. 1000 G\u00e4sten 1889Fahnenweihe der Burschengesellschaft Pfiffelbach 1892Letzte Feier im Wald auf der Blinden Wiese &#8211; S\u00e4ngerfest des Bundes an Ilm und Ettersberg 1894Gemeinderatsbeschluss (B\u00fcrgermeister Schr\u00f6ter) \u00fcber den Tausch der Blinden Wiese mit der Burkhardtsecke nach Beschwerdebriefen von Dorfbewohnern 1897Kirchen- und Gemeindevorstand beschlie\u00dfen &hellip; <\/p>\n<p class=\"link-more\"><a href=\"https:\/\/waldfestverein.de\/?page_id=17\" class=\"more-link\"><span class=\"screen-reader-text\">\u201eChronik\u201c<\/span> weiterlesen<\/a><\/p>\n","protected":false},"author":1,"featured_media":0,"parent":0,"menu_order":0,"comment_status":"closed","ping_status":"closed","template":"","meta":{"footnotes":""},"class_list":["post-17","page","type-page","status-publish","hentry"],"_links":{"self":[{"href":"https:\/\/waldfestverein.de\/index.php?rest_route=\/wp\/v2\/pages\/17","targetHints":{"allow":["GET"]}}],"collection":[{"href":"https:\/\/waldfestverein.de\/index.php?rest_route=\/wp\/v2\/pages"}],"about":[{"href":"https:\/\/waldfestverein.de\/index.php?rest_route=\/wp\/v2\/types\/page"}],"author":[{"embeddable":true,"href":"https:\/\/waldfestverein.de\/index.php?rest_route=\/wp\/v2\/users\/1"}],"replies":[{"embeddable":true,"href":"https:\/\/waldfestverein.de\/index.php?rest_route=%2Fwp%2Fv2%2Fcomments&post=17"}],"version-history":[{"count":7,"href":"https:\/\/waldfestverein.de\/index.php?rest_route=\/wp\/v2\/pages\/17\/revisions"}],"predecessor-version":[{"id":4840,"href":"https:\/\/waldfestverein.de\/index.php?rest_route=\/wp\/v2\/pages\/17\/revisions\/4840"}],"wp:attachment":[{"href":"https:\/\/waldfestverein.de\/index.php?rest_route=%2Fwp%2Fv2%2Fmedia&parent=17"}],"curies":[{"name":"wp","href":"https:\/\/api.w.org\/{rel}","templated":true}]}}