{"id":16,"date":"2019-03-01T12:02:53","date_gmt":"2019-03-01T12:02:53","guid":{"rendered":"http:\/\/waldfestverein.de\/?page_id=16"},"modified":"2022-04-25T07:56:02","modified_gmt":"2022-04-25T07:56:02","slug":"gaestebuch","status":"publish","type":"page","link":"https:\/\/waldfestverein.de\/?page_id=16","title":{"rendered":"Muttizettel"},"content":{"rendered":"\n<p>Jugendliche zwischen dem 16. und 18. Lebensjahr d\u00fcrfen die Veranstaltungen nur mit einer beauftragten Person, welche vollj\u00e4hrig ist besuchen. Diese m\u00fcssen einen &#8222;Muttizettel&#8220; ausf\u00fcllen und zur Veranstaltung mitbringen.<\/p>\n\n\n\n<div class=\"wp-block-file\"><a id=\"wp-block-file--media-a86ef171-8748-415b-917f-f570b52f4fd5\" href=\"http:\/\/waldfestverein.de\/wp-content\/uploads\/2019\/03\/muttizettel.pdf\" target=\"_blank\" rel=\"noreferrer noopener\">Muttizettel<\/a><\/div>\n\n\n\n<p><\/p>\n","protected":false},"excerpt":{"rendered":"<p>Jugendliche zwischen dem 16. und 18. Lebensjahr d\u00fcrfen die Veranstaltungen nur mit einer beauftragten Person, welche vollj\u00e4hrig ist besuchen. Diese m\u00fcssen einen &#8222;Muttizettel&#8220; ausf\u00fcllen und zur Veranstaltung mitbringen.<\/p>\n","protected":false},"author":1,"featured_media":0,"parent":0,"menu_order":0,"comment_status":"closed","ping_status":"closed","template":"","meta":{"footnotes":""},"class_list":["post-16","page","type-page","status-publish","hentry"],"_links":{"self":[{"href":"https:\/\/waldfestverein.de\/index.php?rest_route=\/wp\/v2\/pages\/16","targetHints":{"allow":["GET"]}}],"collection":[{"href":"https:\/\/waldfestverein.de\/index.php?rest_route=\/wp\/v2\/pages"}],"about":[{"href":"https:\/\/waldfestverein.de\/index.php?rest_route=\/wp\/v2\/types\/page"}],"author":[{"embeddable":true,"href":"https:\/\/waldfestverein.de\/index.php?rest_route=\/wp\/v2\/users\/1"}],"replies":[{"embeddable":true,"href":"https:\/\/waldfestverein.de\/index.php?rest_route=%2Fwp%2Fv2%2Fcomments&post=16"}],"version-history":[{"count":7,"href":"https:\/\/waldfestverein.de\/index.php?rest_route=\/wp\/v2\/pages\/16\/revisions"}],"predecessor-version":[{"id":1888,"href":"https:\/\/waldfestverein.de\/index.php?rest_route=\/wp\/v2\/pages\/16\/revisions\/1888"}],"wp:attachment":[{"href":"https:\/\/waldfestverein.de\/index.php?rest_route=%2Fwp%2Fv2%2Fmedia&parent=16"}],"curies":[{"name":"wp","href":"https:\/\/api.w.org\/{rel}","templated":true}]}}